{"id":239,"date":"2023-02-13T18:08:11","date_gmt":"2023-02-13T18:08:11","guid":{"rendered":"https:\/\/prosat.net.mx\/?page_id=239"},"modified":"2023-02-20T16:56:52","modified_gmt":"2023-02-20T16:56:52","slug":"nostros","status":"publish","type":"page","link":"https:\/\/prosat.net.mx\/?page_id=239","title":{"rendered":"Nostros"},"content":{"rendered":"\t\t<div data-elementor-type=\"wp-page\" data-elementor-id=\"239\" class=\"elementor elementor-239\">\n\t\t\t\t\t\t<section class=\"elementor-section elementor-top-section elementor-element elementor-element-5bb3a525 elementor-section-content-middle elementor-section-boxed elementor-section-height-default elementor-section-height-default\" data-id=\"5bb3a525\" data-element_type=\"section\" id=\"Nosotros\" data-settings=\"{&quot;background_background&quot;:&quot;classic&quot;}\">\n\t\t\t\t\t\t<div class=\"elementor-container elementor-column-gap-no\">\n\t\t\t\t\t<div class=\"elementor-column elementor-col-33 elementor-top-column elementor-element elementor-element-54db92ec\" data-id=\"54db92ec\" data-element_type=\"column\">\n\t\t\t<div class=\"elementor-widget-wrap elementor-element-populated\">\n\t\t\t\t\t\t<div class=\"elementor-element elementor-element-57807ca0 elementor-widget elementor-widget-heading\" data-id=\"57807ca0\" data-element_type=\"widget\" data-widget_type=\"heading.default\">\n\t\t\t\t<div class=\"elementor-widget-container\">\n\t\t\t<h3 class=\"elementor-heading-title elementor-size-default\">Nosotros<\/h3>\t\t<\/div>\n\t\t\t\t<\/div>\n\t\t\t\t<div class=\"elementor-element elementor-element-7674a2ad elementor-widget elementor-widget-image\" data-id=\"7674a2ad\" data-element_type=\"widget\" data-widget_type=\"image.default\">\n\t\t\t\t<div class=\"elementor-widget-container\">\n\t\t\t\t\t\t\t\t\t\t\t\t\t<img fetchpriority=\"high\" decoding=\"async\" width=\"768\" height=\"1024\" src=\"https:\/\/prosat.net.mx\/wp-content\/uploads\/2023\/02\/photo_5098184111327128143_y-1-768x1024.jpg\" class=\"elementor-animation-grow attachment-large size-large wp-image-250\" alt=\"\" srcset=\"https:\/\/prosat.net.mx\/wp-content\/uploads\/2023\/02\/photo_5098184111327128143_y-1-768x1024.jpg 768w, https:\/\/prosat.net.mx\/wp-content\/uploads\/2023\/02\/photo_5098184111327128143_y-1-225x300.jpg 225w, https:\/\/prosat.net.mx\/wp-content\/uploads\/2023\/02\/photo_5098184111327128143_y-1.jpg 960w\" sizes=\"(max-width: 768px) 100vw, 768px\" \/>\t\t\t\t\t\t\t\t\t\t\t\t\t<\/div>\n\t\t\t\t<\/div>\n\t\t\t\t\t<\/div>\n\t\t<\/div>\n\t\t\t\t<div class=\"elementor-column elementor-col-33 elementor-top-column elementor-element elementor-element-39648da8\" data-id=\"39648da8\" data-element_type=\"column\">\n\t\t\t<div class=\"elementor-widget-wrap elementor-element-populated\">\n\t\t\t\t\t\t<div class=\"elementor-element elementor-element-5e331c8 elementor-widget elementor-widget-image\" data-id=\"5e331c8\" data-element_type=\"widget\" data-widget_type=\"image.default\">\n\t\t\t\t<div class=\"elementor-widget-container\">\n\t\t\t\t\t\t\t\t\t\t\t\t\t<img decoding=\"async\" width=\"768\" height=\"1024\" src=\"https:\/\/prosat.net.mx\/wp-content\/uploads\/2023\/02\/photo_5098184111327128140_y-768x1024.jpg\" class=\"elementor-animation-grow attachment-large size-large wp-image-249\" alt=\"\" srcset=\"https:\/\/prosat.net.mx\/wp-content\/uploads\/2023\/02\/photo_5098184111327128140_y-768x1024.jpg 768w, https:\/\/prosat.net.mx\/wp-content\/uploads\/2023\/02\/photo_5098184111327128140_y-225x300.jpg 225w, https:\/\/prosat.net.mx\/wp-content\/uploads\/2023\/02\/photo_5098184111327128140_y.jpg 960w\" sizes=\"(max-width: 768px) 100vw, 768px\" \/>\t\t\t\t\t\t\t\t\t\t\t\t\t<\/div>\n\t\t\t\t<\/div>\n\t\t\t\t\t<\/div>\n\t\t<\/div>\n\t\t\t\t<div class=\"elementor-column elementor-col-33 elementor-top-column elementor-element elementor-element-4eefa500\" data-id=\"4eefa500\" data-element_type=\"column\">\n\t\t\t<div class=\"elementor-widget-wrap elementor-element-populated\">\n\t\t\t\t\t\t<div class=\"elementor-element elementor-element-1bb9656f elementor-widget elementor-widget-image\" data-id=\"1bb9656f\" data-element_type=\"widget\" data-widget_type=\"image.default\">\n\t\t\t\t<div class=\"elementor-widget-container\">\n\t\t\t\t\t\t\t\t\t\t\t\t\t<img decoding=\"async\" width=\"540\" height=\"692\" src=\"https:\/\/prosat.net.mx\/wp-content\/uploads\/2023\/02\/prosat5.jpg\" class=\"elementor-animation-grow attachment-large size-large wp-image-251\" alt=\"\" srcset=\"https:\/\/prosat.net.mx\/wp-content\/uploads\/2023\/02\/prosat5.jpg 540w, https:\/\/prosat.net.mx\/wp-content\/uploads\/2023\/02\/prosat5-234x300.jpg 234w\" sizes=\"(max-width: 540px) 100vw, 540px\" \/>\t\t\t\t\t\t\t\t\t\t\t\t\t<\/div>\n\t\t\t\t<\/div>\n\t\t\t\t\t<\/div>\n\t\t<\/div>\n\t\t\t\t\t<\/div>\n\t\t<\/section>\n\t\t\t\t<section class=\"elementor-section elementor-top-section elementor-element elementor-element-29a91566 elementor-section-content-middle elementor-section-boxed elementor-section-height-default elementor-section-height-default\" data-id=\"29a91566\" data-element_type=\"section\">\n\t\t\t\t\t\t<div class=\"elementor-container elementor-column-gap-no\">\n\t\t\t\t\t<div class=\"elementor-column elementor-col-33 elementor-top-column elementor-element elementor-element-76ed6581\" data-id=\"76ed6581\" data-element_type=\"column\">\n\t\t\t<div class=\"elementor-widget-wrap elementor-element-populated\">\n\t\t\t\t\t\t<div class=\"elementor-element elementor-element-72150a4d elementor-widget elementor-widget-heading\" data-id=\"72150a4d\" data-element_type=\"widget\" data-widget_type=\"heading.default\">\n\t\t\t\t<div class=\"elementor-widget-container\">\n\t\t\t<h3 class=\"elementor-heading-title elementor-size-default\">Misi\u00f3n<\/h3>\t\t<\/div>\n\t\t\t\t<\/div>\n\t\t\t\t<div class=\"elementor-element elementor-element-8a8cadc elementor-widget-divider--view-line elementor-widget elementor-widget-divider\" data-id=\"8a8cadc\" data-element_type=\"widget\" data-widget_type=\"divider.default\">\n\t\t\t\t<div class=\"elementor-widget-container\">\n\t\t\t\t\t<div class=\"elementor-divider\">\n\t\t\t<span class=\"elementor-divider-separator\">\n\t\t\t\t\t\t<\/span>\n\t\t<\/div>\n\t\t\t\t<\/div>\n\t\t\t\t<\/div>\n\t\t\t\t\t<\/div>\n\t\t<\/div>\n\t\t\t\t<div class=\"elementor-column elementor-col-33 elementor-top-column elementor-element elementor-element-3b81094\" data-id=\"3b81094\" data-element_type=\"column\">\n\t\t\t<div class=\"elementor-widget-wrap elementor-element-populated\">\n\t\t\t\t\t\t<div class=\"elementor-element elementor-element-51d95624 elementor-widget elementor-widget-image\" data-id=\"51d95624\" data-element_type=\"widget\" data-widget_type=\"image.default\">\n\t\t\t\t<div class=\"elementor-widget-container\">\n\t\t\t\t\t\t\t\t\t\t\t\t\t<img loading=\"lazy\" decoding=\"async\" width=\"1200\" height=\"675\" src=\"https:\/\/prosat.net.mx\/wp-content\/uploads\/2023\/02\/PROSAT-2.jpg\" class=\"elementor-animation-grow attachment-full size-full wp-image-269\" alt=\"\" srcset=\"https:\/\/prosat.net.mx\/wp-content\/uploads\/2023\/02\/PROSAT-2.jpg 1200w, https:\/\/prosat.net.mx\/wp-content\/uploads\/2023\/02\/PROSAT-2-300x169.jpg 300w, https:\/\/prosat.net.mx\/wp-content\/uploads\/2023\/02\/PROSAT-2-1024x576.jpg 1024w, https:\/\/prosat.net.mx\/wp-content\/uploads\/2023\/02\/PROSAT-2-768x432.jpg 768w\" sizes=\"(max-width: 1200px) 100vw, 1200px\" \/>\t\t\t\t\t\t\t\t\t\t\t\t\t<\/div>\n\t\t\t\t<\/div>\n\t\t\t\t<div class=\"elementor-element elementor-element-1c392333 elementor-widget elementor-widget-text-editor\" data-id=\"1c392333\" data-element_type=\"widget\" data-widget_type=\"text-editor.default\">\n\t\t\t\t<div class=\"elementor-widget-container\">\n\t\t\t\t\t\t\t<p>Satisfacer con calidad, buen servicio y rapidez las necesidades en telecomunicaciones de los clientes.\u00a0<\/p>\t\t\t\t\t\t<\/div>\n\t\t\t\t<\/div>\n\t\t\t\t\t<\/div>\n\t\t<\/div>\n\t\t\t\t<div class=\"elementor-column elementor-col-33 elementor-top-column elementor-element elementor-element-15d0672\" data-id=\"15d0672\" data-element_type=\"column\">\n\t\t\t<div class=\"elementor-widget-wrap elementor-element-populated\">\n\t\t\t\t\t\t<div class=\"elementor-element elementor-element-5ee54c76 elementor-widget elementor-widget-image\" data-id=\"5ee54c76\" data-element_type=\"widget\" data-widget_type=\"image.default\">\n\t\t\t\t<div class=\"elementor-widget-container\">\n\t\t\t\t\t\t\t\t\t\t\t\t\t<img loading=\"lazy\" decoding=\"async\" width=\"1512\" height=\"1390\" src=\"https:\/\/prosat.net.mx\/wp-content\/uploads\/2023\/02\/PROSAT-1.jpg\" class=\"elementor-animation-grow attachment-full size-full wp-image-270\" alt=\"\" srcset=\"https:\/\/prosat.net.mx\/wp-content\/uploads\/2023\/02\/PROSAT-1.jpg 1512w, https:\/\/prosat.net.mx\/wp-content\/uploads\/2023\/02\/PROSAT-1-300x276.jpg 300w, https:\/\/prosat.net.mx\/wp-content\/uploads\/2023\/02\/PROSAT-1-1024x941.jpg 1024w, https:\/\/prosat.net.mx\/wp-content\/uploads\/2023\/02\/PROSAT-1-768x706.jpg 768w\" sizes=\"(max-width: 1512px) 100vw, 1512px\" \/>\t\t\t\t\t\t\t\t\t\t\t\t\t<\/div>\n\t\t\t\t<\/div>\n\t\t\t\t\t<\/div>\n\t\t<\/div>\n\t\t\t\t\t<\/div>\n\t\t<\/section>\n\t\t\t\t<section class=\"elementor-section elementor-top-section elementor-element elementor-element-65796be3 elementor-section-content-middle elementor-section-boxed elementor-section-height-default elementor-section-height-default\" data-id=\"65796be3\" data-element_type=\"section\" data-settings=\"{&quot;background_background&quot;:&quot;classic&quot;}\">\n\t\t\t\t\t\t<div class=\"elementor-container elementor-column-gap-no\">\n\t\t\t\t\t<div class=\"elementor-column elementor-col-33 elementor-top-column elementor-element elementor-element-55370891\" data-id=\"55370891\" data-element_type=\"column\">\n\t\t\t<div class=\"elementor-widget-wrap elementor-element-populated\">\n\t\t\t\t\t\t<div class=\"elementor-element elementor-element-4882d949 elementor-widget elementor-widget-heading\" data-id=\"4882d949\" data-element_type=\"widget\" data-widget_type=\"heading.default\">\n\t\t\t\t<div class=\"elementor-widget-container\">\n\t\t\t<h3 class=\"elementor-heading-title elementor-size-default\">Visi\u00f3n<\/h3>\t\t<\/div>\n\t\t\t\t<\/div>\n\t\t\t\t<div class=\"elementor-element elementor-element-1ece983b elementor-widget-divider--view-line elementor-widget elementor-widget-divider\" data-id=\"1ece983b\" data-element_type=\"widget\" data-widget_type=\"divider.default\">\n\t\t\t\t<div class=\"elementor-widget-container\">\n\t\t\t\t\t<div class=\"elementor-divider\">\n\t\t\t<span class=\"elementor-divider-separator\">\n\t\t\t\t\t\t<\/span>\n\t\t<\/div>\n\t\t\t\t<\/div>\n\t\t\t\t<\/div>\n\t\t\t\t\t<\/div>\n\t\t<\/div>\n\t\t\t\t<div class=\"elementor-column elementor-col-33 elementor-top-column elementor-element elementor-element-63bc20af\" data-id=\"63bc20af\" data-element_type=\"column\">\n\t\t\t<div class=\"elementor-widget-wrap elementor-element-populated\">\n\t\t\t\t\t\t<div class=\"elementor-element elementor-element-2bb53737 elementor-widget elementor-widget-image\" data-id=\"2bb53737\" data-element_type=\"widget\" data-widget_type=\"image.default\">\n\t\t\t\t<div class=\"elementor-widget-container\">\n\t\t\t\t\t\t\t\t\t\t\t\t\t<img loading=\"lazy\" decoding=\"async\" width=\"940\" height=\"788\" src=\"https:\/\/prosat.net.mx\/wp-content\/uploads\/2023\/02\/2-1.png\" class=\"elementor-animation-grow attachment-full size-full wp-image-294\" alt=\"\" srcset=\"https:\/\/prosat.net.mx\/wp-content\/uploads\/2023\/02\/2-1.png 940w, https:\/\/prosat.net.mx\/wp-content\/uploads\/2023\/02\/2-1-300x251.png 300w, https:\/\/prosat.net.mx\/wp-content\/uploads\/2023\/02\/2-1-768x644.png 768w\" sizes=\"(max-width: 940px) 100vw, 940px\" \/>\t\t\t\t\t\t\t\t\t\t\t\t\t<\/div>\n\t\t\t\t<\/div>\n\t\t\t\t<div class=\"elementor-element elementor-element-4a7e7d2a elementor-widget elementor-widget-text-editor\" data-id=\"4a7e7d2a\" data-element_type=\"widget\" data-widget_type=\"text-editor.default\">\n\t\t\t\t<div class=\"elementor-widget-container\">\n\t\t\t\t\t\t\t<p class=\"font_7\">Ser el corporativo en Telecomunicaciones n\u00famero uno del baj\u00edo y colocarnos en el mercado nacional como uno de los m\u00e1s reconocidos.<\/p>\t\t\t\t\t\t<\/div>\n\t\t\t\t<\/div>\n\t\t\t\t\t<\/div>\n\t\t<\/div>\n\t\t\t\t<div class=\"elementor-column elementor-col-33 elementor-top-column elementor-element elementor-element-529d287e\" data-id=\"529d287e\" data-element_type=\"column\">\n\t\t\t<div class=\"elementor-widget-wrap elementor-element-populated\">\n\t\t\t\t\t\t<div class=\"elementor-element elementor-element-3e941223 elementor-widget elementor-widget-image\" data-id=\"3e941223\" data-element_type=\"widget\" data-widget_type=\"image.default\">\n\t\t\t\t<div class=\"elementor-widget-container\">\n\t\t\t\t\t\t\t\t\t\t\t\t\t<img loading=\"lazy\" decoding=\"async\" width=\"940\" height=\"788\" src=\"https:\/\/prosat.net.mx\/wp-content\/uploads\/2023\/02\/1-1.png\" class=\"elementor-animation-grow attachment-full size-full wp-image-293\" alt=\"\" srcset=\"https:\/\/prosat.net.mx\/wp-content\/uploads\/2023\/02\/1-1.png 940w, https:\/\/prosat.net.mx\/wp-content\/uploads\/2023\/02\/1-1-300x251.png 300w, https:\/\/prosat.net.mx\/wp-content\/uploads\/2023\/02\/1-1-768x644.png 768w\" sizes=\"(max-width: 940px) 100vw, 940px\" \/>\t\t\t\t\t\t\t\t\t\t\t\t\t<\/div>\n\t\t\t\t<\/div>\n\t\t\t\t\t<\/div>\n\t\t<\/div>\n\t\t\t\t\t<\/div>\n\t\t<\/section>\n\t\t\t\t<section class=\"elementor-section elementor-top-section elementor-element elementor-element-50917486 elementor-section-content-middle elementor-reverse-mobile elementor-section-boxed elementor-section-height-default elementor-section-height-default\" data-id=\"50917486\" data-element_type=\"section\">\n\t\t\t\t\t\t<div class=\"elementor-container elementor-column-gap-no\">\n\t\t\t\t\t<div class=\"elementor-column elementor-col-50 elementor-top-column elementor-element elementor-element-3765af81\" data-id=\"3765af81\" data-element_type=\"column\">\n\t\t\t<div class=\"elementor-widget-wrap elementor-element-populated\">\n\t\t\t\t\t\t<div class=\"elementor-element elementor-element-118bfed7 elementor-widget elementor-widget-heading\" data-id=\"118bfed7\" data-element_type=\"widget\" data-widget_type=\"heading.default\">\n\t\t\t\t<div class=\"elementor-widget-container\">\n\t\t\t<h4 class=\"elementor-heading-title elementor-size-default\">Valores<\/h4>\t\t<\/div>\n\t\t\t\t<\/div>\n\t\t\t\t<div class=\"elementor-element elementor-element-7a48dbf9 elementor-widget elementor-widget-text-editor\" data-id=\"7a48dbf9\" data-element_type=\"widget\" data-widget_type=\"text-editor.default\">\n\t\t\t\t<div class=\"elementor-widget-container\">\n\t\t\t\t\t\t\t<ul class=\"font_7\"><li><p class=\"font_7\">Honestidad<\/p><\/li><li><p class=\"font_7\">Calidad<\/p><\/li><li><p class=\"font_7\">Compromiso<\/p><\/li><li><p class=\"font_7\">Respeto<\/p><\/li><li><p class=\"font_7\">Perseverancia\u00a0<\/p><\/li><\/ul>\t\t\t\t\t\t<\/div>\n\t\t\t\t<\/div>\n\t\t\t\t\t<\/div>\n\t\t<\/div>\n\t\t\t\t<div class=\"elementor-column elementor-col-50 elementor-top-column elementor-element elementor-element-67bf339b\" data-id=\"67bf339b\" data-element_type=\"column\">\n\t\t\t<div class=\"elementor-widget-wrap elementor-element-populated\">\n\t\t\t\t\t\t<div class=\"elementor-element elementor-element-540a9c87 elementor-widget elementor-widget-image\" data-id=\"540a9c87\" data-element_type=\"widget\" data-widget_type=\"image.default\">\n\t\t\t\t<div class=\"elementor-widget-container\">\n\t\t\t\t\t\t\t\t\t\t\t\t\t<img loading=\"lazy\" decoding=\"async\" width=\"940\" height=\"788\" src=\"https:\/\/prosat.net.mx\/wp-content\/uploads\/2023\/02\/3.png\" class=\"attachment-full size-full wp-image-292\" alt=\"\" srcset=\"https:\/\/prosat.net.mx\/wp-content\/uploads\/2023\/02\/3.png 940w, https:\/\/prosat.net.mx\/wp-content\/uploads\/2023\/02\/3-300x251.png 300w, https:\/\/prosat.net.mx\/wp-content\/uploads\/2023\/02\/3-768x644.png 768w\" sizes=\"(max-width: 940px) 100vw, 940px\" \/>\t\t\t\t\t\t\t\t\t\t\t\t\t<\/div>\n\t\t\t\t<\/div>\n\t\t\t\t\t<\/div>\n\t\t<\/div>\n\t\t\t\t\t<\/div>\n\t\t<\/section>\n\t\t\t\t<\/div>\n\t\t","protected":false},"excerpt":{"rendered":"<p>Nosotros Misi\u00f3n Satisfacer con calidad, buen servicio y rapidez las necesidades en telecomunicaciones de los clientes.\u00a0 Visi\u00f3n Ser el corporativo en Telecomunicaciones n\u00famero uno del baj\u00edo y colocarnos en el mercado nacional como uno de los m\u00e1s reconocidos. Valores Honestidad Calidad Compromiso Respeto Perseverancia\u00a0<\/p>\n","protected":false},"author":1,"featured_media":0,"parent":0,"menu_order":0,"comment_status":"closed","ping_status":"closed","template":"","meta":{"_eb_attr":"","site-sidebar-layout":"no-sidebar","site-content-layout":"page-builder","ast-site-content-layout":"","site-content-style":"default","site-sidebar-style":"default","ast-global-header-display":"","ast-banner-title-visibility":"","ast-main-header-display":"","ast-hfb-above-header-display":"","ast-hfb-below-header-display":"","ast-hfb-mobile-header-display":"","site-post-title":"disabled","ast-breadcrumbs-content":"","ast-featured-img":"disabled","footer-sml-layout":"","theme-transparent-header-meta":"","adv-header-id-meta":"","stick-header-meta":"","header-above-stick-meta":"","header-main-stick-meta":"","header-below-stick-meta":"","astra-migrate-meta-layouts":"default","ast-page-background-enabled":"default","ast-page-background-meta":{"desktop":{"background-color":"var(--ast-global-color-4)","background-image":"","background-repeat":"repeat","background-position":"center center","background-size":"auto","background-attachment":"scroll","background-type":"","background-media":"","overlay-type":"","overlay-color":"","overlay-opacity":"","overlay-gradient":""},"tablet":{"background-color":"","background-image":"","background-repeat":"repeat","background-position":"center center","background-size":"auto","background-attachment":"scroll","background-type":"","background-media":"","overlay-type":"","overlay-color":"","overlay-opacity":"","overlay-gradient":""},"mobile":{"background-color":"","background-image":"","background-repeat":"repeat","background-position":"center center","background-size":"auto","background-attachment":"scroll","background-type":"","background-media":"","overlay-type":"","overlay-color":"","overlay-opacity":"","overlay-gradient":""}},"ast-content-background-meta":{"desktop":{"background-color":"var(--ast-global-color-5)","background-image":"","background-repeat":"repeat","background-position":"center center","background-size":"auto","background-attachment":"scroll","background-type":"","background-media":"","overlay-type":"","overlay-color":"","overlay-opacity":"","overlay-gradient":""},"tablet":{"background-color":"var(--ast-global-color-5)","background-image":"","background-repeat":"repeat","background-position":"center center","background-size":"auto","background-attachment":"scroll","background-type":"","background-media":"","overlay-type":"","overlay-color":"","overlay-opacity":"","overlay-gradient":""},"mobile":{"background-color":"var(--ast-global-color-5)","background-image":"","background-repeat":"repeat","background-position":"center center","background-size":"auto","background-attachment":"scroll","background-type":"","background-media":"","overlay-type":"","overlay-color":"","overlay-opacity":"","overlay-gradient":""}},"footnotes":""},"class_list":["post-239","page","type-page","status-publish","hentry"],"_links":{"self":[{"href":"https:\/\/prosat.net.mx\/index.php?rest_route=\/wp\/v2\/pages\/239","targetHints":{"allow":["GET"]}}],"collection":[{"href":"https:\/\/prosat.net.mx\/index.php?rest_route=\/wp\/v2\/pages"}],"about":[{"href":"https:\/\/prosat.net.mx\/index.php?rest_route=\/wp\/v2\/types\/page"}],"author":[{"embeddable":true,"href":"https:\/\/prosat.net.mx\/index.php?rest_route=\/wp\/v2\/users\/1"}],"replies":[{"embeddable":true,"href":"https:\/\/prosat.net.mx\/index.php?rest_route=%2Fwp%2Fv2%2Fcomments&post=239"}],"version-history":[{"count":58,"href":"https:\/\/prosat.net.mx\/index.php?rest_route=\/wp\/v2\/pages\/239\/revisions"}],"predecessor-version":[{"id":376,"href":"https:\/\/prosat.net.mx\/index.php?rest_route=\/wp\/v2\/pages\/239\/revisions\/376"}],"wp:attachment":[{"href":"https:\/\/prosat.net.mx\/index.php?rest_route=%2Fwp%2Fv2%2Fmedia&parent=239"}],"curies":[{"name":"wp","href":"https:\/\/api.w.org\/{rel}","templated":true}]}}